{"id":109017,"date":"2025-05-29T06:56:37","date_gmt":"2025-05-29T06:56:37","guid":{"rendered":"https:\/\/esthetique.mu\/privacy-policy\/"},"modified":"2025-05-29T07:17:25","modified_gmt":"2025-05-29T07:17:25","slug":"privacy-policy","status":"publish","type":"page","link":"https:\/\/esthetique.mu\/en\/privacy-policy\/","title":{"rendered":"PRIVACY POLICY"},"content":{"rendered":"<p>[et_pb_section fb_built=&#8221;1&#8243; custom_padding_last_edited=&#8221;on|phone&#8221; _builder_version=&#8221;4.17.4&#8243; _module_preset=&#8221;default&#8221; background_color=&#8221;rgba(0,0,0,0.53)&#8221; background_image=&#8221;https:\/\/esthetique.mu\/wp-content\/uploads\/2022\/02\/IMG_1844.jpeg&#8221; background_blend=&#8221;overlay&#8221; custom_padding=&#8221;50px||50px||true|false&#8221; custom_padding_tablet=&#8221;50px||50px||true|false&#8221; custom_padding_phone=&#8221;20px||20px||true|false&#8221; da_disable_devices=&#8221;off|off|off&#8221; global_colors_info=&#8221;{}&#8221; da_is_popup=&#8221;off&#8221; da_exit_intent=&#8221;off&#8221; da_has_close=&#8221;on&#8221; da_alt_close=&#8221;off&#8221; da_dark_close=&#8221;off&#8221; da_not_modal=&#8221;on&#8221; da_is_singular=&#8221;off&#8221; da_with_loader=&#8221;off&#8221; da_has_shadow=&#8221;on&#8221;][et_pb_row column_structure=&#8221;3_5,2_5&#8243; _builder_version=&#8221;4.17.4&#8243; _module_preset=&#8221;default&#8221; custom_padding=&#8221;||0px|||&#8221; global_colors_info=&#8221;{}&#8221;][et_pb_column type=&#8221;3_5&#8243; _builder_version=&#8221;4.17.4&#8243; _module_preset=&#8221;default&#8221; global_colors_info=&#8221;{}&#8221;][et_pb_text _builder_version=&#8221;4.17.4&#8243; _module_preset=&#8221;default&#8221; text_font=&#8221;||||||||&#8221; text_text_color=&#8221;#FFFFFF&#8221; text_font_size=&#8221;25px&#8221; text_line_height=&#8221;1.4em&#8221; header_text_align=&#8221;left&#8221; header_text_color=&#8221;#FFFFFF&#8221; header_font_size=&#8221;37px&#8221; header_text_align_tablet=&#8221;left&#8221; header_text_align_phone=&#8221;center&#8221; header_text_align_last_edited=&#8221;on|tablet&#8221; header_font_size_tablet=&#8221;50px&#8221; header_font_size_phone=&#8221;40px&#8221; header_font_size_last_edited=&#8221;on|phone&#8221; global_colors_info=&#8221;{}&#8221;]<\/p>\n<h1>WEBSITE DATA PRIVACY POLICY<\/h1>\n<p>Le Centre de Chirurgie Esth\u00e9tique de l\u2019Oc\u00e9an Indien[\/et_pb_text][\/et_pb_column][et_pb_column type=&#8221;2_5&#8243; _builder_version=&#8221;4.17.4&#8243; _module_preset=&#8221;default&#8221; global_colors_info=&#8221;{}&#8221;][\/et_pb_column][\/et_pb_row][\/et_pb_section][et_pb_section fb_built=&#8221;1&#8243; _builder_version=&#8221;4.17.4&#8243; _module_preset=&#8221;default&#8221; custom_padding=&#8221;||14px|||&#8221; da_disable_devices=&#8221;off|off|off&#8221; global_colors_info=&#8221;{}&#8221; da_is_popup=&#8221;off&#8221; da_exit_intent=&#8221;off&#8221; da_has_close=&#8221;on&#8221; da_alt_close=&#8221;off&#8221; da_dark_close=&#8221;off&#8221; da_not_modal=&#8221;on&#8221; da_is_singular=&#8221;off&#8221; da_with_loader=&#8221;off&#8221; da_has_shadow=&#8221;on&#8221;][et_pb_row _builder_version=&#8221;4.17.4&#8243; _module_preset=&#8221;default&#8221; global_colors_info=&#8221;{}&#8221;][et_pb_column type=&#8221;4_4&#8243; _builder_version=&#8221;4.17.4&#8243; _module_preset=&#8221;default&#8221; global_colors_info=&#8221;{}&#8221;][et_pb_text _builder_version=&#8221;4.27.4&#8243; _module_preset=&#8221;default&#8221; hover_enabled=&#8221;0&#8243; global_colors_info=&#8221;{}&#8221; sticky_enabled=&#8221;0&#8243;]<\/p>\n<p>Centre Esth\u00e9tique de l&#8217;Oc\u00e9an Indien Ltee is committed to ensuring that the collection and processing of your data is carried out in a lawful, fair and transparent manner, in accordance with the General Data Protection Regulation (GDPR) and the French Data Protection Act of 1978 as amended.<\/p>\n<p>The collection of personal data of its prospects and customers is limited to what is strictly necessary, in accordance with the principle of data minimization, and indicates the purposes pursued by the collection of this data, whether providing this data is optional or obligatory to manage requests and who may be aware of it.<\/p>\n<p><strong>ARTICLE 1 DEFINITIONS<br \/><\/strong><br \/>The Publisher: The person, natural or legal, who publishes the online public communication services, that is to say:<br \/>The Indian Ocean Aesthetic Center, whose registered office is located at Morcellement Jhuboo \u2013 Avenue des Rougets 22304 TROU AUX BICHES \u2013 Mauritius Registered with the Business Registral under No. BRN C080081733<\/p>\n<p>Phone: +230 250 50 50<\/p>\n<p>Contact address: <a href=\"mailto:info@cceoi.com\">info@cceoi.com<\/a><\/p>\n<p>The Site: The entire online site offered is accessible from the following URL:<\/p>\n<p>The User: The person using the Site and the services.<\/p>\n<p><strong>ARTICLE 2 NATURE OF DATA COLLECTED<br \/><\/strong><br \/>In connection with the use of the Site to provide information relating to<\/p>\n<p>Hair transplant,<\/p>\n<p>Dental care and surgery<\/p>\n<p>Aesthetic medicine<\/p>\n<p>Plastic and reconstructive surgery,<\/p>\n<p>The Publisher may collect the following categories of data concerning its Users:<br \/>Civil status, identity, identification data (surname, first name, email, date of birth, profession, telephone number, etc.)<br \/>The Publisher undertakes to keep a written record of all categories of processing activities carried out as the controller of the aforementioned data.<\/p>\n<p><strong>ARTICLE 3 INFORMATION AND USER RIGHTS<br \/><\/strong><br \/>The Publisher hereby clearly informs you about the processing of personal data that it implements within the framework of its activity, how the data is collected, used and protected.<\/p>\n<p>Any User has the right to request from the data controller, i.e. the Publisher:<\/p>\n<p>\u2013 Access to the personal data provided;<br \/>\u2013 Rectification or erasure of the data;<br \/>\u2013 Limitation of processing relating to the person;<br \/>\u2013 Objection to processing;<br \/>\u2013 Data portability;<\/p>\n<p><strong>ARTICLE 4 SUBCONTRACTING<\/strong><\/p>\n<p>The Publisher undertakes to ensure that any subcontractor provides sufficient contractual guarantees regarding the implementation of appropriate technical and organizational measures, so that the processing meets the requirements of the European data protection regulation.<\/p>\n<p>The Publisher may use one or more subcontractors to carry out specific processing activities which will be subject to the terms of this Policy. Any subcontractor will not be authorized to use a subcontractor itself without the prior written authorization of the Publisher.<\/p>\n<p><strong>ARTICLE 5 COMMUNICATION OF PERSONAL DATA TO THIRD PARTIES<\/strong><\/p>\n<p>Communication to authorities based on legal obligations.<\/p>\n<p>Based on legal obligations, your personal data may be disclosed in accordance with a law, regulation or by virtue of a decision of a competent regulatory or judicial authority.<\/p>\n<p>In general, we undertake to comply with all legal rules that could prevent, limit or regulate the dissemination of information or data and in particular to comply with French Law No. 78-17 of January 6, 1978 relating to information technology, files and freedoms and the General Data Protection Regulation (GDPR) of the European Union.<\/p>\n<p>Communication to third parties based on account settings.<\/p>\n<p>Your personal data is strictly confidential and may not be disclosed to third parties, except with express consent obtained through your account settings.<\/p>\n<p>Communication to third parties for commercial solicitation for equivalent products and services<br \/>If you have made a request through the contact page of our Site, we may, with our partners and occasionally, keep you informed of our new services and benefits, news and special offers, by email, by post and by telephone regarding products or services similar to the products or services which were the subject of.<\/p>\n<p><strong>ARTICLE 6 PRIOR INFORMATION FOR THE COMMUNICATION OF PERSONAL DATA TO THIRD PARTIES IN THE EVENT OF A MERGER \/ ABSORPTION<br \/><\/strong><br \/>Prior information and opt-out possibility before and after the merger\/acquisition.<\/p>\n<p>In the event that we are involved in a merger, acquisition or any other form of asset transfer, we are committed to ensuring the confidentiality of your personal data and to informing you before it is transferred or becomes subject to new privacy rules.<\/p>\n<p><strong>ARTICLE 7 DATA AGGREGATION<\/strong><\/p>\n<p>Aggregation with non-personal data.<\/p>\n<p>We may publish, disclose and use aggregated information (information about all of our Users or specific groups or categories of Users that we combine in such a way that an individual User can no longer be identified or referenced) and non-personal information for industry and market analysis, demographic profiling, promotional and advertising purposes and other business purposes.<\/p>\n<p><strong>ARTICLE 8 COLLECTION OF IDENTITY DATA<\/strong><\/p>\n<p>Registration and prior identification for the provision of the service<\/p>\n<p>Use of the Site requires registration and prior identification. Your personal data (last name, first name, postal address, email, [complete]) are used to fulfill our legal obligations resulting from the services offered.<\/p>\n<p>You will not provide false personal information or create an account for another person without their permission. Your contact information must always be accurate and up-to-date.<\/p>\n<p><strong>ARTICLE 9 COOKIES<br \/><\/strong><br \/>Cookie retention period<\/p>\n<p>In accordance with the French CNIL recommendations, the maximum retention period for cookies is 13 months after their first deposit in the User&#8217;s terminal, as is the duration of the validity of the User&#8217;s consent to the use of these cookies. The lifespan of cookies is not extended with each visit. The User&#8217;s consent must therefore be renewed at the end of this period.<\/p>\n<p>Purpose of cookies<\/p>\n<p>Cookies may be used for statistical purposes, in particular to optimize the services provided to the User, based on the processing of information concerning the frequency of access, the personalization of pages as well as the operations carried out and the information consulted.<\/p>\n<p>You are informed that the Publisher may place cookies on your terminal. The cookie records information relating to navigation on the service (the pages you have consulted, the date and time of consultation, etc.) that we can read during your subsequent visits.<\/p>\n<p>User&#8217;s right to refuse cookies, deactivation resulting in degraded operation of the service<\/p>\n<p>You acknowledge that you have been informed that the Publisher may use cookies, and you authorize it to do so. If you do not want cookies to be used on your device, most browsers allow you to disable cookies through the settings options. However, you are informed that some services may no longer function properly.<\/p>\n<p>Possible association of cookies with personal data to enable the operation of the service<\/p>\n<p>The Publisher may collect browsing information through the use of cookies.<\/p>\n<p><strong>ARTICLE 10 RETENTION OF TECHNICAL DATA<br \/><\/strong><br \/>Duration of retention of technical data<br \/>Technical data is kept for the period strictly necessary to achieve the purposes referred to above.<\/p>\n<p><strong>ARTICLE 11 PERIOD FOR RETENTION OF PERSONAL DATA [AND ANONYMIZATION]<br \/><\/strong><br \/>Data retention for the duration of the contractual relationship<\/p>\n<p>In accordance with Article 6-5\u00b0 of French Law No. 78-17 of 6 January 1978 relating to information technology, files and freedoms, personal data subject to processing are not retained beyond the time necessary for the execution of the obligations defined at the time of conclusion of the contract or the predefined duration of the contractual relationship.<br \/>Retention of anonymized data beyond the contractual relationship \/ after account deletion<br \/>We retain personal data for the period strictly necessary to achieve the purposes described in this Policy. Beyond this period, it will be anonymized and kept for exclusively statistical purposes and will not be used for any purpose whatsoever.<\/p>\n<p>Deletion of data after account deletion<\/p>\n<p>Data purging methods are in place to ensure effective deletion of data as soon as the retention or archiving period necessary to achieve the determined or imposed purposes is reached. In accordance with French law n\u00b078-17 of 6 January 1978 relating to information technology, files and freedoms, you also have the right to delete your data, which you can exercise at any time by taking.<\/p>\n<p><strong>ARTICLE 12 ACCOUNT DELETION<br \/><\/strong><br \/>Account deletion on request<\/p>\n<p>The User has the possibility to delete his Account at any time, by simple request to the Publisher.<\/p>\n<p><strong>ARTICLE 13 INDICATIONS IN THE EVENT OF A SECURITY BREACH DETECTED BY THE PUBLISHER<br \/><\/strong><br \/>User Information in the Event of a Security Breach<\/p>\n<p>We are committed to implementing all appropriate technical and organizational measures through physical and logistical security means in order to guarantee an appropriate level of security with regard to the risks of accidental, unauthorized or illegal access, disclosure, alteration, loss or destruction of your personal data.<\/p>\n<p>In the event that we become aware of illegal access to your personal data stored on our servers or those of our service providers, or of unauthorized access resulting in the realization of the risks identified above, we undertake to:<\/p>\n<p>\u2022 Notify you of the incident as soon as possible if this meets a legal requirement;<br \/>\u2022 Examine the causes of the incident;<br \/>\u2022 Take necessary measures within reason to reduce the negative effects and damages that may result from said incident<\/p>\n<p>Limitation of liability<\/p>\n<p>Under no circumstances may the commitments defined in the point above relating to notification in the event of a security breach be equated with any recognition of fault or liability for the occurrence of the incident in question.<\/p>\n<p><strong>ARTICLE 14 TRANSFER OF PERSONAL DATA ABROAD<br \/><\/strong><br \/>Transfer of data to countries with an equivalent level of protection<\/p>\n<p>The Publisher undertakes to comply with the applicable regulations relating to the transfer of data to foreign countries and in particular in accordance with the following terms:<\/p>\n<p>\u2022 The Publisher transfers its Users&#8217; personal data to countries recognized as offering an equivalent level of protection.<br \/>\u2022 The Publisher transfers its Users&#8217; personal data outside of countries recognized by the CNIL as having a sufficient level of protection.<\/p>\n<p>To find out the list of these countries: https:\/\/www.cnil.fr\/fr\/la-protection-des-donnees-dans-le-monde.<\/p>\n<p><strong>ARTICLE 15 MODIFICATION OF THE PRIVACY POLICY<br \/><\/strong><br \/>In the event of modification of these terms, the Publisher undertakes not to lower the level of confidentiality substantially without prior information of the persons concerned.<\/p>\n<p><strong>ARTICLE 16 DATA PORTABILITY<br \/><\/strong><br \/>The Publisher undertakes to offer you the possibility of having all of your data returned to you upon simple request. The User is thus guaranteed better control over their data, and retains the possibility of reusing it. This data must be provided in an open and easily reusable format, directly in the hands of another data controller when this is desired and technically possible.<\/p>\n<p><strong>ARTICLE 17 APPLICABLE LAW AND LANGUAGE<br \/><\/strong><br \/>This Privacy Policy is written in French. In the event that it is translated into one or more languages, only the French text shall prevail in the event of a dispute. The invalidity of a clause shall not entail the invalidity of the Privacy Policy. The temporary or permanent non-application of one or more clauses herein by the Publisher shall not constitute a waiver on its part of the other clauses herein, which shall continue to be in effect.<\/p>\n<p><strong>ARTICLE 18 DISPUTES AND JURISDICTION<br \/><\/strong><br \/>ANY DISPUTE TO WHICH THE PRIVACY POLICY MAY GIVE RISE, IN PARTICULAR CONCERNING ITS VALIDITY, INTERPRETATION AND EXECUTION, THEIR CONSEQUENCES AND FOLLOW-UPS WILL BE SUBMITTED TO THE COMPETENT COURTS WITHIN THE JURISDICTION OF THE CITY OF PORT-LOUIS, MAURITIUS.<\/p>\n<p>[\/et_pb_text][\/et_pb_column][\/et_pb_row][\/et_pb_section][et_pb_section fb_built=&#8221;1&#8243; _builder_version=&#8221;4.17.4&#8243; _module_preset=&#8221;default&#8221; custom_padding=&#8221;0px||1px|||&#8221; da_disable_devices=&#8221;off|off|off&#8221; global_colors_info=&#8221;{}&#8221; da_is_popup=&#8221;off&#8221; da_exit_intent=&#8221;off&#8221; da_has_close=&#8221;on&#8221; da_alt_close=&#8221;off&#8221; da_dark_close=&#8221;off&#8221; da_not_modal=&#8221;on&#8221; da_is_singular=&#8221;off&#8221; da_with_loader=&#8221;off&#8221; da_has_shadow=&#8221;on&#8221;][\/et_pb_section]<\/p>\n","protected":false},"excerpt":{"rendered":"<p>WEBSITE DATA PRIVACY POLICYLe Centre de Chirurgie Esth\u00e9tique de l\u2019Oc\u00e9an IndienCentre Esth\u00e9tique de l&#8217;Oc\u00e9an Indien Ltee is committed to ensuring that the collection and processing of your data is carried out in a lawful, fair and transparent manner, in accordance with the General Data Protection Regulation (GDPR) and the French Data Protection Act of 1978 [&hellip;]<\/p>\n","protected":false},"author":1,"featured_media":0,"parent":0,"menu_order":0,"comment_status":"closed","ping_status":"closed","template":"","meta":{"_acf_changed":false,"_et_pb_use_builder":"on","_et_pb_old_content":"","_et_gb_content_width":"","footnotes":""},"class_list":["post-109017","page","type-page","status-publish","hentry"],"acf":[],"_links":{"self":[{"href":"https:\/\/esthetique.mu\/en\/wp-json\/wp\/v2\/pages\/109017","targetHints":{"allow":["GET"]}}],"collection":[{"href":"https:\/\/esthetique.mu\/en\/wp-json\/wp\/v2\/pages"}],"about":[{"href":"https:\/\/esthetique.mu\/en\/wp-json\/wp\/v2\/types\/page"}],"author":[{"embeddable":true,"href":"https:\/\/esthetique.mu\/en\/wp-json\/wp\/v2\/users\/1"}],"replies":[{"embeddable":true,"href":"https:\/\/esthetique.mu\/en\/wp-json\/wp\/v2\/comments?post=109017"}],"version-history":[{"count":0,"href":"https:\/\/esthetique.mu\/en\/wp-json\/wp\/v2\/pages\/109017\/revisions"}],"wp:attachment":[{"href":"https:\/\/esthetique.mu\/en\/wp-json\/wp\/v2\/media?parent=109017"}],"curies":[{"name":"wp","href":"https:\/\/api.w.org\/{rel}","templated":true}]}}